{"id":1142,"date":"2017-06-12T11:24:27","date_gmt":"2017-06-12T09:24:27","guid":{"rendered":"https:\/\/www.entrancebymatting.se\/?page_id=1142\/"},"modified":"2025-03-18T14:43:51","modified_gmt":"2025-03-18T13:43:51","slug":"contact","status":"publish","type":"page","link":"https:\/\/www.entrancebymatting.se\/en\/contact\/","title":{"rendered":"Contact"},"content":{"rendered":"<p>We help you analyze the needs of your property and can recommend the best entrance solution based on this. Make your life a little easier by contacting us.<\/p>\n<h2>Office Supplies &#038; Interior Design<\/h2>\n<p><strong><span style=\"color: #408000;\">J\u00f6rgen Svensson<br \/>\n<\/span><\/strong>Key Account Manager Office Supplies<br \/>\nTel: <a href=\"Tel:++46739206118\">+46 739 20 61 18<\/a><br \/>\n<a href=\"mailto:jorgen.svensson@matting.se\">jorgen.svensson@matting.se<\/a><\/p>\n<p><strong><span style=\"color: #408000;\">Ulrica Brandt<\/span><\/strong><br \/>\nKey Account Manager Interior Design<br \/>\nTel:\u00a0<a href=\"tel:+46706159888\">+46 706 15 98 88<\/a><br \/>\n<a href=\"mailto:ulrica.brandt@matting.se\">ulrica.brandt@matting.se<\/a><\/p>\n<p><strong><span style=\"color: #408000;\">Theo Ravn Beltoft<\/span><\/strong><br \/>\nBusiness Sales Manager<br \/>\nTel: <a href=\"tel:+4539300802\">+45 39 30 08 02<\/a><br \/>\n<a href=\"mailto:theo.beltoft@matting.se\">theo.beltoft@matting.se<\/a><\/p>\n<h2>Industry, Facility, Laundry, Construction<\/h2>\n<p><strong><span style=\"color: #408000;\">Fredrik Brandt<\/span><\/strong><br \/>\nKey Account Manager<br \/>\nTel: <a href=\"Tel:+46706304749\">+46 (0)70 630 47 49<\/a><br \/>\n<a href=\"mailto:fredrik.brandt@matting.se\"> fredrik.brandt@matting.se<\/a><\/p>\n<p><strong><span style=\"color: #408000;\">Ellinore Albertsson<\/span><\/strong><br \/>\nTel: <a href=\"Tel:+46322670823\"> +46 (0)322 67 08 23<\/a><br \/>\nMobil: <a href=\"Tel:+46706247247\"> +46 (0)706 247 247<\/a><br \/>\n<a title=\"mailto:ellinore.albertsson@matting.se\" href=\"mailto:ellinore.albertsson@matting.se\"><span lang=\"EN-US\">ellinore.albertsson@matting.se<\/span><\/a><\/p>\n<p><strong><span style=\"color: #408000;\">Ulrik Bergvall<\/span><\/strong><br \/>\nBusiness Area Manager<br \/>\nMobil: <a href=\"Tel:+46706202602\"> +46 (0)70 620 26 02<\/a><br \/>\n<a href=\"mailto:ulrik.bergvall@matting.se\">ulrik.bergvall@matting.se<\/a><\/p>\n<p>&nbsp;<\/p>\n<p><strong>Matting AB<\/strong><br \/>\nBox 514, SE &#8211; 441 15 Alings\u00e5s<br \/>\nTomasg\u00e5rdsv\u00e4gen 19 | SE &#8211; 441 39 Alings\u00e5s<br \/>\nTelephone: +46 (0)322-67 08 00 | <a href=\"mailto:projekt@matting.se\">projekt@matting.se<\/a><\/p>\n<p>&nbsp;<\/p>\n<p>&nbsp;<\/p>\n","protected":false},"excerpt":{"rendered":"<p>We help you analyze the needs of your property and can recommend the best entrance solution based on this. Make your life a little easier by contacting us. Office Supplies &#038; Interior Design J\u00f6rgen Svensson Key Account Manager Office Supplies Tel: +46 739 20 61 18 jorgen.svensson@matting.se Ulrica Brandt Key Account Manager Interior Design Tel:\u00a0+46 [&hellip;]<\/p>\n","protected":false},"author":2,"featured_media":1599,"parent":0,"menu_order":70,"comment_status":"closed","ping_status":"closed","template":"","meta":{"_acf_changed":false,"footnotes":""},"class_list":["post-1142","page","type-page","status-publish","has-post-thumbnail","hentry"],"acf":[],"_links":{"self":[{"href":"https:\/\/www.entrancebymatting.se\/en\/wp-json\/wp\/v2\/pages\/1142","targetHints":{"allow":["GET"]}}],"collection":[{"href":"https:\/\/www.entrancebymatting.se\/en\/wp-json\/wp\/v2\/pages"}],"about":[{"href":"https:\/\/www.entrancebymatting.se\/en\/wp-json\/wp\/v2\/types\/page"}],"author":[{"embeddable":true,"href":"https:\/\/www.entrancebymatting.se\/en\/wp-json\/wp\/v2\/users\/2"}],"replies":[{"embeddable":true,"href":"https:\/\/www.entrancebymatting.se\/en\/wp-json\/wp\/v2\/comments?post=1142"}],"version-history":[{"count":4,"href":"https:\/\/www.entrancebymatting.se\/en\/wp-json\/wp\/v2\/pages\/1142\/revisions"}],"predecessor-version":[{"id":7718,"href":"https:\/\/www.entrancebymatting.se\/en\/wp-json\/wp\/v2\/pages\/1142\/revisions\/7718"}],"wp:featuredmedia":[{"embeddable":true,"href":"https:\/\/www.entrancebymatting.se\/en\/wp-json\/wp\/v2\/media\/1599"}],"wp:attachment":[{"href":"https:\/\/www.entrancebymatting.se\/en\/wp-json\/wp\/v2\/media?parent=1142"}],"curies":[{"name":"wp","href":"https:\/\/api.w.org\/{rel}","templated":true}]}}