{"id":3832,"date":"2019-07-04T17:09:25","date_gmt":"2019-07-04T15:09:25","guid":{"rendered":"https:\/\/www.entrancebymatting.se\/downloads\/mediabank\/"},"modified":"2022-02-03T16:42:30","modified_gmt":"2022-02-03T15:42:30","slug":"mediabank","status":"publish","type":"page","link":"https:\/\/www.entrancebymatting.se\/da\/downloads\/mediabank\/","title":{"rendered":"Mediabank"},"content":{"rendered":"<p>Hvis du er forhandler og \u00f8nsker produktbilleder, s\u00e5 finder du dem p\u00e5 vores <a href=\"http:\/\/mediabank.prinfovargarda.se\/webnative\/inprstyle\/runstyle?\">Mediabank<\/a>.<br \/>\nKontakt <a href=\"mailto: projekt@matting.se?subject=Inlogg Mediabanken\">projekt@matting.se<\/a> for login oplysninger.<\/p>\n","protected":false},"excerpt":{"rendered":"<p>Hvis du er forhandler og \u00f8nsker produktbilleder, s\u00e5 finder du dem p\u00e5 vores Mediabank. Kontakt projekt@matting.se for login oplysninger.<\/p>\n","protected":false},"author":2,"featured_media":5619,"parent":2866,"menu_order":0,"comment_status":"closed","ping_status":"closed","template":"","meta":{"_acf_changed":false,"footnotes":""},"class_list":["post-3832","page","type-page","status-publish","has-post-thumbnail","hentry"],"acf":[],"_links":{"self":[{"href":"https:\/\/www.entrancebymatting.se\/da\/wp-json\/wp\/v2\/pages\/3832","targetHints":{"allow":["GET"]}}],"collection":[{"href":"https:\/\/www.entrancebymatting.se\/da\/wp-json\/wp\/v2\/pages"}],"about":[{"href":"https:\/\/www.entrancebymatting.se\/da\/wp-json\/wp\/v2\/types\/page"}],"author":[{"embeddable":true,"href":"https:\/\/www.entrancebymatting.se\/da\/wp-json\/wp\/v2\/users\/2"}],"replies":[{"embeddable":true,"href":"https:\/\/www.entrancebymatting.se\/da\/wp-json\/wp\/v2\/comments?post=3832"}],"version-history":[{"count":0,"href":"https:\/\/www.entrancebymatting.se\/da\/wp-json\/wp\/v2\/pages\/3832\/revisions"}],"up":[{"embeddable":true,"href":"https:\/\/www.entrancebymatting.se\/da\/wp-json\/wp\/v2\/pages\/2866"}],"wp:featuredmedia":[{"embeddable":true,"href":"https:\/\/www.entrancebymatting.se\/da\/wp-json\/wp\/v2\/media\/5619"}],"wp:attachment":[{"href":"https:\/\/www.entrancebymatting.se\/da\/wp-json\/wp\/v2\/media?parent=3832"}],"curies":[{"name":"wp","href":"https:\/\/api.w.org\/{rel}","templated":true}]}}