{"id":3470,"date":"2019-03-05T12:56:34","date_gmt":"2019-03-05T11:56:34","guid":{"rendered":"https:\/\/www.entrancebymatting.se\/produkter-efter-kategori\/"},"modified":"2024-09-02T13:56:02","modified_gmt":"2024-09-02T11:56:02","slug":"produkter-efter-kategori","status":"publish","type":"page","link":"https:\/\/www.entrancebymatting.se\/da\/produkter-efter-kategori\/","title":{"rendered":"Produkter"},"content":{"rendered":"<p style=\"text-align: left;\">Den mest optimale l\u00f8sning er en indgangs m\u00e5tte i tre zoner, f\u00f8rst en skrabe m\u00e5tte, der tager det v\u00e6rste snavs, derefter en kombinations m\u00e5tte, der tager den finere snavs og endelig en t\u00f8rre m\u00e5tte, der fjerner den sidste fugt og smuds. Nogle gange er det ikke muligt at f\u00e5 plads til to- eller tre zoner, men med vores indgangs system er det ligegyldigt. Indholdet i de forskellige aluminiumsprofiler skr\u00e6ddersyes blot efter netop dit indgangsparti. Gummiindl\u00e6g, n\u00e5lefilt, kassetteb\u00f8rster og t\u00f8rre m\u00e5tter\u2026 I den rigtige kombination, holder din indgang p\u00e6n og ren.<\/p>\n","protected":false},"excerpt":{"rendered":"<p>Den mest optimale l\u00f8sning er en indgangs m\u00e5tte i tre zoner, f\u00f8rst en skrabe m\u00e5tte, der tager det v\u00e6rste snavs, derefter en kombinations m\u00e5tte, der tager den finere snavs og endelig en t\u00f8rre m\u00e5tte, der fjerner den sidste fugt og smuds. Nogle gange er det ikke muligt at f\u00e5 plads til to- eller tre zoner, [&hellip;]<\/p>\n","protected":false},"author":2,"featured_media":4393,"parent":0,"menu_order":0,"comment_status":"closed","ping_status":"closed","template":"tpl-produkter-alla-produkter.php","meta":{"_acf_changed":false,"footnotes":""},"class_list":["post-3470","page","type-page","status-publish","has-post-thumbnail","hentry"],"acf":[],"_links":{"self":[{"href":"https:\/\/www.entrancebymatting.se\/da\/wp-json\/wp\/v2\/pages\/3470","targetHints":{"allow":["GET"]}}],"collection":[{"href":"https:\/\/www.entrancebymatting.se\/da\/wp-json\/wp\/v2\/pages"}],"about":[{"href":"https:\/\/www.entrancebymatting.se\/da\/wp-json\/wp\/v2\/types\/page"}],"author":[{"embeddable":true,"href":"https:\/\/www.entrancebymatting.se\/da\/wp-json\/wp\/v2\/users\/2"}],"replies":[{"embeddable":true,"href":"https:\/\/www.entrancebymatting.se\/da\/wp-json\/wp\/v2\/comments?post=3470"}],"version-history":[{"count":1,"href":"https:\/\/www.entrancebymatting.se\/da\/wp-json\/wp\/v2\/pages\/3470\/revisions"}],"predecessor-version":[{"id":7081,"href":"https:\/\/www.entrancebymatting.se\/da\/wp-json\/wp\/v2\/pages\/3470\/revisions\/7081"}],"wp:featuredmedia":[{"embeddable":true,"href":"https:\/\/www.entrancebymatting.se\/da\/wp-json\/wp\/v2\/media\/4393"}],"wp:attachment":[{"href":"https:\/\/www.entrancebymatting.se\/da\/wp-json\/wp\/v2\/media?parent=3470"}],"curies":[{"name":"wp","href":"https:\/\/api.w.org\/{rel}","templated":true}]}}