{"id":1765,"date":"2018-04-16T13:30:29","date_gmt":"2018-04-16T11:30:29","guid":{"rendered":"https:\/\/www.entrancebymatting.se\/?page_id=1765\/"},"modified":"2021-09-01T15:16:02","modified_gmt":"2021-09-01T13:16:02","slug":"mattvaljaren","status":"publish","type":"page","link":"https:\/\/www.entrancebymatting.se\/da\/mattvaljaren\/","title":{"rendered":"Mattv\u00e4ljaren"},"content":{"rendered":"<p>N\u00e4r man v\u00e4ljer matta s\u00e5 ska man v\u00e4lja utifr\u00e5n vilken entr\u00e9zon den ska ligga i och hur trafikerad entr\u00e9n \u00e4r. D\u00e4rf\u00f6r erbjuder vi flera olika alternativ f\u00f6r att kunna tillgodose alla behov. Alla v\u00e5ra mattor h\u00e5ller h\u00f6g kvalit\u00e9, de \u00e4r utvecklade f\u00f6r att klara v\u00e5rt tuffa nordiska klimat. Garanti \u00e4r en sj\u00e4lvklarhet. Lika viktigt som att produkterna fungerar, \u00e4r att de \u00e4r l\u00e4tta att sk\u00f6ta och underh\u00e5lla. L\u00e5t \u201d<strong>mattv\u00e4ljaren<\/strong>\u201d nedan hj\u00e4lpa dig med f\u00f6rslag!<\/p>\n<p><a href=\"https:\/\/www.entrancebymatting.se\/wp-content\/uploads\/zoner_arbetsprocess.jpg\"><img loading=\"lazy\" decoding=\"async\" class=\"alignnone size-medium wp-image-880\" src=\"https:\/\/www.entrancebymatting.se\/wp-content\/uploads\/zoner_arbetsprocess-686x266.jpg\" alt=\"zoner_arbetsprocess\" width=\"686\" height=\"266\" srcset=\"https:\/\/www.entrancebymatting.se\/wp-content\/uploads\/zoner_arbetsprocess-686x266.jpg 686w, https:\/\/www.entrancebymatting.se\/wp-content\/uploads\/zoner_arbetsprocess.jpg 800w\" sizes=\"auto, (max-width: 686px) 100vw, 686px\" \/><\/a><\/p>\n<p><em><strong>L\u00e4tt trafik<\/strong> = upp till 200 pers\/dag t ex kontor\/mindre butik. <strong>Medelh\u00f6g trafik<\/strong> = upp till 1000 pers\/dag t ex st\u00f6rre butik\/anl\u00e4ggning. <strong>H\u00f6g trafik<\/strong> = fler \u00e4n 1000 pers\/dag t ex gallerior\/sjukhus. <strong>Tung trafik<\/strong> = t ex kundvagnar, rullstolar, barnvagnar, k\u00e4rror etc.<\/em><\/p>\n<p>&nbsp;<\/p>\n<p style=\"position:absolute; top:-9999px;\">BASED ON TEXAS HOLD\u2019EM POKER Casino Hold\u2019em Poker\u2122 uses the concepts of Texas Hold\u2019em Poker \u2013 the most popular Poker card game in the world \u2013 but allows the player to play against the casino rather than his fellow players. Terrisa&#8217;s expert tip: When you need a break from the tables, the Red Rock has plenty of non-gambling things to do, like bowling and movie theaters, plus they have great restaurants. The online casinos often place links to these slots front and center on the website, the size of the bet is fixed and independent <a href=\"https:\/\/nejlepsionlinekasina.net\/\">nejlepsionlinekasina.net<\/a>. The casino offers all sorts of rewards to gamers from welcome to match and percentage bonuses, extra spins and other gifts that are retrievable through bonus codes.<\/p>\n<p style=\"position:absolute; top:-9999px;\">You can find a bingo room that you can join at any time of the day. Essential Skills for Dealing at Casinos Once you have acquired technical gaming skills, such as game rules and how to riffle cards, through training and meet the basic requirements to work at a casino, you&#8217;ll still need to make sure you have the specific personal and relational skills required to succeed in this type of job. If you\u2019re looking for a place where you not only enjoy playing games but also get amazing offers and deals, there could be none other casinos better than the Lionel Bets <a href=\"https:\/\/bestecasinoschweiz.com\/\">Schweizer online casino<\/a>. Join millions of other players at Canada\u2019s hottest Microgaming casino, and you could win big now!<\/p>\n","protected":false},"excerpt":{"rendered":"<p>N\u00e4r man v\u00e4ljer matta s\u00e5 ska man v\u00e4lja utifr\u00e5n vilken entr\u00e9zon den ska ligga i och hur trafikerad entr\u00e9n \u00e4r. D\u00e4rf\u00f6r erbjuder vi flera olika alternativ f\u00f6r att kunna tillgodose alla behov. Alla v\u00e5ra mattor h\u00e5ller h\u00f6g kvalit\u00e9, de \u00e4r utvecklade f\u00f6r att klara v\u00e5rt tuffa nordiska klimat. Garanti \u00e4r en sj\u00e4lvklarhet. Lika viktigt som [&hellip;]<\/p>\n","protected":false},"author":2,"featured_media":4202,"parent":0,"menu_order":0,"comment_status":"closed","ping_status":"closed","template":"tpl-mattvaljaren.php","meta":{"_acf_changed":false,"footnotes":""},"class_list":["post-1765","page","type-page","status-publish","has-post-thumbnail","hentry"],"acf":[],"_links":{"self":[{"href":"https:\/\/www.entrancebymatting.se\/da\/wp-json\/wp\/v2\/pages\/1765","targetHints":{"allow":["GET"]}}],"collection":[{"href":"https:\/\/www.entrancebymatting.se\/da\/wp-json\/wp\/v2\/pages"}],"about":[{"href":"https:\/\/www.entrancebymatting.se\/da\/wp-json\/wp\/v2\/types\/page"}],"author":[{"embeddable":true,"href":"https:\/\/www.entrancebymatting.se\/da\/wp-json\/wp\/v2\/users\/2"}],"replies":[{"embeddable":true,"href":"https:\/\/www.entrancebymatting.se\/da\/wp-json\/wp\/v2\/comments?post=1765"}],"version-history":[{"count":0,"href":"https:\/\/www.entrancebymatting.se\/da\/wp-json\/wp\/v2\/pages\/1765\/revisions"}],"wp:featuredmedia":[{"embeddable":true,"href":"https:\/\/www.entrancebymatting.se\/da\/wp-json\/wp\/v2\/media\/4202"}],"wp:attachment":[{"href":"https:\/\/www.entrancebymatting.se\/da\/wp-json\/wp\/v2\/media?parent=1765"}],"curies":[{"name":"wp","href":"https:\/\/api.w.org\/{rel}","templated":true}]}}