{"id":1318,"date":"2017-08-14T10:54:04","date_gmt":"2017-08-14T08:54:04","guid":{"rendered":"https:\/\/www.entrancebymatting.se\/?page_id=1318\/"},"modified":"2024-09-02T14:01:36","modified_gmt":"2024-09-02T12:01:36","slug":"entremaatter-til-alle-miljoeer","status":"publish","type":"page","link":"https:\/\/www.entrancebymatting.se\/da\/","title":{"rendered":"Entr\u00e9m\u00e5tter til alle milj\u00f8er"},"content":{"rendered":"<h1 class=\"hero-text green\">ENTR\u00c9M\u00c5TTER TIL ALLE MILJ\u00d8ER.<\/h1>\n<p class=\"hero-text\">Indgangen giver det f\u00f8rste vigtige indtryk og b\u00f8r derfor v\u00e6re indbydende, \u00e6stetisk tiltalende og funktionel. Entr\u00e9m\u00e5tter fra Entrance by Matting lever op til alt dette.<\/p>\n<div class=\"teaser-label white\">\n<div class=\"teaser-label white\">INDGANGSL\u00d8SNINGER<\/div>\n<h2>Det f\u00f8rste vigtige indtryk<\/h2>\n<p>Det f\u00f8rste vigtige indtryk det b\u00f8r v\u00e6re im\u00f8dekommende, \u00e6stetisk tiltalende og funktionelt. Samtidig skal indgangen fungere, s\u00e5dan at snavs indsamles og fugt og vand opfanges, s\u00e5 de omgivende gulvflader dermed sk\u00e5nes. Risikoen for at glide minimeres. Endvidere skal indgangen udf\u00f8res s\u00e5dan, at omkostninger til reng\u00f8ring reduceres.<\/p>\n<\/div>\n<div class=\"teaser-label white\">AKTUELT<\/div>\n<h2>Taktile og visuelle ledelinjer i entr\u00e9m\u00e5tten.<\/h2>\n<p>P\u00e5 Nordbygg messe viste vi blandt andet vores indgangsl\u00f8sninger med en ledelinje i entr\u00e9m\u00e5tten.<\/p>\n<p><a href=\"https:\/\/www.entrancebymatting.se\/da\/strom\/\">L\u00e6s mere her<\/a><\/p>\n<p>&nbsp;<\/p>\n<div class=\"teaser-label\">\n<div class=\"teaser-label\">BEHOV<\/div>\n<h2>Entr\u00e9m\u00e5tter til alle milj\u00f8er.<\/h2>\n<p>Vi tilbyder individuelle, skr\u00e6ddersyede l\u00f8sninger baseret p\u00e5 vores gennempr\u00f8vede 3-zone reng\u00f8ringssystem. Et begreb der betyder at vi opfanger op til 90% af alt snavs og fugt som ellers f\u00f8res ind via indgangen. En l\u00f8sning i tre zoner er den mest optimale &#8211; den best\u00e5r af en skraberist, der tager sig af det v\u00e6rste snavs, en kombinationsm\u00e5tte, der tager det fine snavs og endelig en t\u00f8rrem\u00e5tte, der tager den sidste v\u00e6de.<\/p>\n<p><a href=\"https:\/\/www.entrancebymatting.se\/da\/arbejder\/#2\">L\u00e6s mere om de forskellige zoner<\/a><\/p>\n<\/div>\n<p>&nbsp;<\/p>\n<div class=\"teaser-label\">\n<div class=\"teaser-label\">PRODUKTER<\/div>\n<h2>Skraberist eller t\u00f8rrem\u00e5tte? Eller en kombination?<\/h2>\n<p>Vores skraberiste og m\u00e5tter er af h\u00f8j kvalitet. De er designet til at modst\u00e5 vores barske nordiske klima. Sliddet afh\u00e6nger selvf\u00f8lgelig af milj\u00f8et og trafikbelastningen og derfor tilbyder vi en bred vifte af muligheder for at opfylde alle behov. Hvis der ikke plads til at bygge en indgang i to eller tre trin\/zoner s\u00e5 anbefaler vi en kombinationsm\u00e5tte.<\/p>\n<p><a href=\"https:\/\/www.entrancebymatting.se\/da\/produkter\/\">L\u00e6s mere om vores produkter<\/a><\/p>\n<div class=\"teaser-label\">INSTALLATION<\/div>\n<h2>Vi har redskaberne.<\/h2>\n<p>En entr\u00e9 kan naturligvis se ud p\u00e5 mange forskellige m\u00e5der. For det meste er det en simpel rektangul\u00e6r m\u00e5tte der er brug for, men i nogle indgange kan der v\u00e6re vanskelige vinkler, afrundede former eller s\u00f8jler. S\u00e5 tilpasser vi m\u00e5tten, s\u00e5 den passer ind i entreen. Vi levere derefter m\u00e5tten i h\u00e5ndterbare sektioner.<\/p>\n<p><a href=\"https:\/\/www.entrancebymatting.se\/da\/arbejder\/#3\">L\u00e6s mere om<\/a><\/p>\n<\/div>\n<p>&nbsp;<\/p>\n<div class=\"teaser-label blue\">\n<div class=\"teaser-label blue\">REFERENC<\/div>\n<h2>Referencer p\u00e5 et udvalg af vores projekter.<\/h2>\n<p>P\u00e5 Serneke Arena i G\u00f6teborg, er de to store indgange udstyret med skraberiste, for at forhindre det grove snavs i at komme ind i bygningen. Bag d\u00f8rene tager entr\u00e9m\u00e5tten sig af det finere snavs. Flere projekter er som f.eks. IKEA K\u00e5llered, Niagara University i Malm\u00f8 og Tr\u00e4ffpunkt Simonsland Bor\u00e5s.<\/p>\n<p><a href=\"https:\/\/www.entrancebymatting.se\/da\/referencer\/\">L\u00e6s mere om vores projekter under Referencer<\/a><\/p>\n<\/div>\n","protected":false},"excerpt":{"rendered":"<p>ENTR\u00c9M\u00c5TTER TIL ALLE MILJ\u00d8ER. Indgangen giver det f\u00f8rste vigtige indtryk og b\u00f8r derfor v\u00e6re indbydende, \u00e6stetisk tiltalende og funktionel. Entr\u00e9m\u00e5tter fra Entrance by Matting lever op til alt dette. INDGANGSL\u00d8SNINGER Det f\u00f8rste vigtige indtryk Det f\u00f8rste vigtige indtryk det b\u00f8r v\u00e6re im\u00f8dekommende, \u00e6stetisk tiltalende og funktionelt. Samtidig skal indgangen fungere, s\u00e5dan at snavs indsamles og [&hellip;]<\/p>\n","protected":false},"author":2,"featured_media":0,"parent":0,"menu_order":0,"comment_status":"closed","ping_status":"closed","template":"tpl-ny-startsida.php","meta":{"_acf_changed":false,"footnotes":""},"class_list":["post-1318","page","type-page","status-publish","hentry"],"acf":[],"_links":{"self":[{"href":"https:\/\/www.entrancebymatting.se\/da\/wp-json\/wp\/v2\/pages\/1318","targetHints":{"allow":["GET"]}}],"collection":[{"href":"https:\/\/www.entrancebymatting.se\/da\/wp-json\/wp\/v2\/pages"}],"about":[{"href":"https:\/\/www.entrancebymatting.se\/da\/wp-json\/wp\/v2\/types\/page"}],"author":[{"embeddable":true,"href":"https:\/\/www.entrancebymatting.se\/da\/wp-json\/wp\/v2\/users\/2"}],"replies":[{"embeddable":true,"href":"https:\/\/www.entrancebymatting.se\/da\/wp-json\/wp\/v2\/comments?post=1318"}],"version-history":[{"count":2,"href":"https:\/\/www.entrancebymatting.se\/da\/wp-json\/wp\/v2\/pages\/1318\/revisions"}],"predecessor-version":[{"id":7083,"href":"https:\/\/www.entrancebymatting.se\/da\/wp-json\/wp\/v2\/pages\/1318\/revisions\/7083"}],"wp:attachment":[{"href":"https:\/\/www.entrancebymatting.se\/da\/wp-json\/wp\/v2\/media?parent=1318"}],"curies":[{"name":"wp","href":"https:\/\/api.w.org\/{rel}","templated":true}]}}