{"id":1053,"date":"2017-06-09T14:25:54","date_gmt":"2017-06-09T12:25:54","guid":{"rendered":"https:\/\/www.entrancebymatting.se\/?page_id=1053\/"},"modified":"2022-02-03T16:45:22","modified_gmt":"2022-02-03T15:45:22","slug":"arbejder","status":"publish","type":"page","link":"https:\/\/www.entrancebymatting.se\/da\/arbejder\/","title":{"rendered":"Arbejder"},"content":{"rendered":"<div class=\"page\" title=\"Page 3\">\n<div class=\"section\">\n<div class=\"layoutArea\">\n<div class=\"column\">\n<p>Den mest optimale l\u00f8sning er en indgang i tre zoner. F\u00f8rst en skrabe rist, der tager sig af det v\u00e6rste snavs, derefter en kombinationsm\u00e5tte, der tager det fine snavs og endelig en t\u00f8rringsm\u00e5tte, der tager den sidste v\u00e6de. Hvis der ikke er plads til 2 eller 3 zoner i din indgang, kan indholdet i aluminiumsprofilerne i vores indgangssystem tilpasses til din indgang. Gummi indl\u00e6g, n\u00e5lefilt, b\u00f8rster og t\u00f8rringsm\u00e5tter, i rette kombination g\u00f8r, at de holder rent indvendigt. Vi hos Entrance by Matting guider dig til den bedste indgangs l\u00f8sning!<\/p>\n<p><a href=\"https:\/\/www.entrancebymatting.se\/wp-content\/uploads\/zoner_arbetsprocess.jpg\"><img loading=\"lazy\" decoding=\"async\" class=\"alignnone size-medium wp-image-880\" src=\"https:\/\/www.entrancebymatting.se\/wp-content\/uploads\/zoner_arbetsprocess-686x266.jpg\" alt=\"zoner_arbetsprocess\" width=\"686\" height=\"266\" srcset=\"https:\/\/www.entrancebymatting.se\/wp-content\/uploads\/zoner_arbetsprocess-686x266.jpg 686w, https:\/\/www.entrancebymatting.se\/wp-content\/uploads\/zoner_arbetsprocess.jpg 800w\" sizes=\"auto, (max-width: 686px) 100vw, 686px\" \/><\/a><\/p>\n<\/div>\n<\/div>\n<\/div>\n<\/div>\n","protected":false},"excerpt":{"rendered":"<p>Den mest optimale l\u00f8sning er en indgang i tre zoner. F\u00f8rst en skrabe rist, der tager sig af det v\u00e6rste snavs, derefter en kombinationsm\u00e5tte, der tager det fine snavs og endelig en t\u00f8rringsm\u00e5tte, der tager den sidste v\u00e6de. Hvis der ikke er plads til 2 eller 3 zoner i din indgang, kan indholdet i aluminiumsprofilerne [&hellip;]<\/p>\n","protected":false},"author":2,"featured_media":5619,"parent":0,"menu_order":20,"comment_status":"closed","ping_status":"closed","template":"tpl-page-2-col.php","meta":{"_acf_changed":false,"footnotes":""},"class_list":["post-1053","page","type-page","status-publish","has-post-thumbnail","hentry"],"acf":[],"_links":{"self":[{"href":"https:\/\/www.entrancebymatting.se\/da\/wp-json\/wp\/v2\/pages\/1053","targetHints":{"allow":["GET"]}}],"collection":[{"href":"https:\/\/www.entrancebymatting.se\/da\/wp-json\/wp\/v2\/pages"}],"about":[{"href":"https:\/\/www.entrancebymatting.se\/da\/wp-json\/wp\/v2\/types\/page"}],"author":[{"embeddable":true,"href":"https:\/\/www.entrancebymatting.se\/da\/wp-json\/wp\/v2\/users\/2"}],"replies":[{"embeddable":true,"href":"https:\/\/www.entrancebymatting.se\/da\/wp-json\/wp\/v2\/comments?post=1053"}],"version-history":[{"count":0,"href":"https:\/\/www.entrancebymatting.se\/da\/wp-json\/wp\/v2\/pages\/1053\/revisions"}],"wp:featuredmedia":[{"embeddable":true,"href":"https:\/\/www.entrancebymatting.se\/da\/wp-json\/wp\/v2\/media\/5619"}],"wp:attachment":[{"href":"https:\/\/www.entrancebymatting.se\/da\/wp-json\/wp\/v2\/media?parent=1053"}],"curies":[{"name":"wp","href":"https:\/\/api.w.org\/{rel}","templated":true}]}}